{"id":1479,"date":"2026-01-09T11:44:31","date_gmt":"2026-01-09T14:44:31","guid":{"rendered":"https:\/\/fixvial.cl\/residential\/"},"modified":"2026-03-12T11:09:52","modified_gmt":"2026-03-12T14:09:52","slug":"residential","status":"publish","type":"page","link":"https:\/\/fixvial.cl\/home\/residential\/","title":{"rendered":"Residencial"},"content":{"rendered":"\t\t<div data-elementor-type=\"wp-post\" data-elementor-id=\"1479\" class=\"elementor elementor-1479\">\n\t\t\t\t<div class=\"elementor-element elementor-element-ba21bd9 e-flex e-con-boxed e-con e-parent\" data-id=\"ba21bd9\" data-element_type=\"container\" data-e-type=\"container\" data-settings=\"{&quot;background_background&quot;:&quot;classic&quot;}\">\n\t\t\t\t\t<div class=\"e-con-inner\">\n\t\t<div class=\"elementor-element elementor-element-9bce79e e-con-full e-flex e-con e-child\" data-id=\"9bce79e\" data-element_type=\"container\" data-e-type=\"container\">\n\t\t\t\t<div class=\"elementor-element elementor-element-d4bad7e elementor-widget elementor-widget-heading\" data-id=\"d4bad7e\" data-element_type=\"widget\" data-e-type=\"widget\" data-widget_type=\"heading.default\">\n\t\t\t\t<div class=\"elementor-widget-container\">\n\t\t\t\t\t<h1 class=\"elementor-heading-title elementor-size-default\">Nosotros nos hacemos cargo de tu pavimento<\/h1>\t\t\t\t<\/div>\n\t\t\t\t<\/div>\n\t\t\t\t<\/div>\n\t\t\t\t\t<\/div>\n\t\t\t\t<\/div>\n\t\t<div class=\"elementor-element elementor-element-da45149 e-flex e-con-boxed e-con e-parent\" data-id=\"da45149\" data-element_type=\"container\" data-e-type=\"container\" data-settings=\"{&quot;background_background&quot;:&quot;classic&quot;}\">\n\t\t\t\t\t<div class=\"e-con-inner\">\n\t\t<div class=\"elementor-element elementor-element-2501b6b e-con-full e-flex e-con e-child\" data-id=\"2501b6b\" data-element_type=\"container\" data-e-type=\"container\" data-settings=\"{&quot;background_background&quot;:&quot;classic&quot;}\">\n\t\t\t\t<div class=\"elementor-element elementor-element-6db73b2 elementor-position-top elementor-widget elementor-widget-image-box\" data-id=\"6db73b2\" data-element_type=\"widget\" data-e-type=\"widget\" data-widget_type=\"image-box.default\">\n\t\t\t\t<div class=\"elementor-widget-container\">\n\t\t\t\t\t<div class=\"elementor-image-box-wrapper\"><figure class=\"elementor-image-box-img\"><img decoding=\"async\" width=\"1\" height=\"1\" src=\"https:\/\/fixvial.cl\/wp-content\/uploads\/2021\/03\/sofa.svg\" class=\"attachment-thumbnail size-thumbnail wp-image-1458\" alt=\"\" \/><\/figure><div class=\"elementor-image-box-content\"><h5 class=\"elementor-image-box-title\">Sellado<\/h5><p class=\"elementor-image-box-description\">Extiende la vida del asfalto, sell\u00e1ndolo para evitar filtraciones de agua<\/p><\/div><\/div>\t\t\t\t<\/div>\n\t\t\t\t<\/div>\n\t\t\t\t<\/div>\n\t\t<div class=\"elementor-element elementor-element-1dbd38a e-con-full e-flex e-con e-child\" data-id=\"1dbd38a\" data-element_type=\"container\" data-e-type=\"container\" data-settings=\"{&quot;background_background&quot;:&quot;classic&quot;}\">\n\t\t\t\t<div class=\"elementor-element elementor-element-2e7285e elementor-position-top elementor-widget elementor-widget-image-box\" data-id=\"2e7285e\" data-element_type=\"widget\" data-e-type=\"widget\" data-widget_type=\"image-box.default\">\n\t\t\t\t<div class=\"elementor-widget-container\">\n\t\t\t\t\t<div class=\"elementor-image-box-wrapper\"><figure class=\"elementor-image-box-img\"><img decoding=\"async\" width=\"1\" height=\"1\" src=\"https:\/\/fixvial.cl\/wp-content\/uploads\/2021\/03\/fireplace.svg\" class=\"attachment-thumbnail size-thumbnail wp-image-1457\" alt=\"\" \/><\/figure><div class=\"elementor-image-box-content\"><h5 class=\"elementor-image-box-title\">Relleno<\/h5><p class=\"elementor-image-box-description\">Cu\u00e1ndo no has realizado la mantenci\u00f3n a tiempo, nosotros rellenamos con rellenos especiales a bajo costo<\/p><\/div><\/div>\t\t\t\t<\/div>\n\t\t\t\t<\/div>\n\t\t\t\t<\/div>\n\t\t<div class=\"elementor-element elementor-element-ca0e059 e-con-full e-flex e-con e-child\" data-id=\"ca0e059\" data-element_type=\"container\" data-e-type=\"container\" data-settings=\"{&quot;background_background&quot;:&quot;classic&quot;}\">\n\t\t\t\t<div class=\"elementor-element elementor-element-afb2d09 elementor-position-top elementor-widget elementor-widget-image-box\" data-id=\"afb2d09\" data-element_type=\"widget\" data-e-type=\"widget\" data-widget_type=\"image-box.default\">\n\t\t\t\t<div class=\"elementor-widget-container\">\n\t\t\t\t\t<div class=\"elementor-image-box-wrapper\"><figure class=\"elementor-image-box-img\"><img decoding=\"async\" width=\"1\" height=\"1\" src=\"https:\/\/fixvial.cl\/wp-content\/uploads\/2021\/03\/kitchen.svg\" class=\"attachment-thumbnail size-thumbnail wp-image-1459\" alt=\"\" \/><\/figure><div class=\"elementor-image-box-content\"><h5 class=\"elementor-image-box-title\">Reparaci\u00f3n<\/h5><p class=\"elementor-image-box-description\">Hacemos reparaciones estructurales<\/p><\/div><\/div>\t\t\t\t<\/div>\n\t\t\t\t<\/div>\n\t\t\t\t<\/div>\n\t\t<div class=\"elementor-element elementor-element-c7331f4 e-con-full e-flex e-con e-child\" data-id=\"c7331f4\" data-element_type=\"container\" data-e-type=\"container\" data-settings=\"{&quot;background_background&quot;:&quot;classic&quot;}\">\n\t\t\t\t<div class=\"elementor-element elementor-element-11db6af elementor-position-top elementor-widget elementor-widget-image-box\" data-id=\"11db6af\" data-element_type=\"widget\" data-e-type=\"widget\" data-widget_type=\"image-box.default\">\n\t\t\t\t<div class=\"elementor-widget-container\">\n\t\t\t\t\t<div class=\"elementor-image-box-wrapper\"><figure class=\"elementor-image-box-img\"><img loading=\"lazy\" decoding=\"async\" width=\"1\" height=\"1\" src=\"https:\/\/fixvial.cl\/wp-content\/uploads\/2021\/03\/bathroom.svg\" class=\"attachment-thumbnail size-thumbnail wp-image-1460\" alt=\"\" \/><\/figure><div class=\"elementor-image-box-content\"><h5 class=\"elementor-image-box-title\">Mantenci\u00f3n<\/h5><p class=\"elementor-image-box-description\">Ofrecemos el servicio de barridos que ayudan a evitar que se tape el alcantarillado<\/p><\/div><\/div>\t\t\t\t<\/div>\n\t\t\t\t<\/div>\n\t\t\t\t<\/div>\n\t\t\t\t\t<\/div>\n\t\t\t\t<\/div>\n\t\t<div class=\"elementor-element elementor-element-4a211b7 elementor-hidden-desktop elementor-hidden-tablet elementor-hidden-mobile e-flex e-con-boxed e-con e-parent\" data-id=\"4a211b7\" data-element_type=\"container\" data-e-type=\"container\" data-settings=\"{&quot;background_background&quot;:&quot;classic&quot;}\">\n\t\t\t\t\t<div class=\"e-con-inner\">\n\t\t<div class=\"elementor-element elementor-element-db0f243 e-con-full e-flex e-con e-child\" data-id=\"db0f243\" data-element_type=\"container\" data-e-type=\"container\">\n\t\t\t\t<div class=\"elementor-element elementor-element-33323f4 elementor-widget elementor-widget-image-box\" data-id=\"33323f4\" data-element_type=\"widget\" data-e-type=\"widget\" data-widget_type=\"image-box.default\">\n\t\t\t\t<div class=\"elementor-widget-container\">\n\t\t\t\t\t<div class=\"elementor-image-box-wrapper\"><div class=\"elementor-image-box-content\"><h2 class=\"elementor-image-box-title\">We Cover All Your Needs<\/h2><p class=\"elementor-image-box-description\">Rhoncus luctus turpis. Libero pulvinar lectus error eveniet nemo, lobortis varius, platea habitasse, voluptas venenatis fuga? Rerum magnam diam. Malesuada purus egestas? Quae hac nostrum pellentesque. Alias accusamus? Illo ornare torquent, tempus saepe.<\/p><\/div><\/div>\t\t\t\t<\/div>\n\t\t\t\t<\/div>\n\t\t<div class=\"elementor-element elementor-element-2e2b5f8 e-con-full e-flex e-con e-child\" data-id=\"2e2b5f8\" data-element_type=\"container\" data-e-type=\"container\">\n\t\t<div class=\"elementor-element elementor-element-040aae3 e-con-full e-flex e-con e-child\" data-id=\"040aae3\" data-element_type=\"container\" data-e-type=\"container\">\n\t\t\t\t<div class=\"elementor-element elementor-element-2e72aa0 elementor-tablet-align-start elementor-mobile-align-center elementor-icon-list--layout-traditional elementor-list-item-link-full_width elementor-widget elementor-widget-icon-list\" data-id=\"2e72aa0\" data-element_type=\"widget\" data-e-type=\"widget\" data-widget_type=\"icon-list.default\">\n\t\t\t\t<div class=\"elementor-widget-container\">\n\t\t\t\t\t\t\t<ul class=\"elementor-icon-list-items\">\n\t\t\t\t\t\t\t<li class=\"elementor-icon-list-item\">\n\t\t\t\t\t\t\t\t\t\t<span class=\"elementor-icon-list-text\">Move in \/ Move outs<\/span>\n\t\t\t\t\t\t\t\t\t<\/li>\n\t\t\t\t\t\t\t\t<li class=\"elementor-icon-list-item\">\n\t\t\t\t\t\t\t\t\t\t<span class=\"elementor-icon-list-text\">Spring cleaning<\/span>\n\t\t\t\t\t\t\t\t\t<\/li>\n\t\t\t\t\t\t\t\t<li class=\"elementor-icon-list-item\">\n\t\t\t\t\t\t\t\t\t\t<span class=\"elementor-icon-list-text\">Junk Removal<\/span>\n\t\t\t\t\t\t\t\t\t<\/li>\n\t\t\t\t\t\t<\/ul>\n\t\t\t\t\t\t<\/div>\n\t\t\t\t<\/div>\n\t\t\t\t<\/div>\n\t\t<div class=\"elementor-element elementor-element-c3f749d e-con-full e-flex e-con e-child\" data-id=\"c3f749d\" data-element_type=\"container\" data-e-type=\"container\">\n\t\t\t\t<div class=\"elementor-element elementor-element-e935a00 elementor-tablet-align-start elementor-mobile-align-center elementor-icon-list--layout-traditional elementor-list-item-link-full_width elementor-widget elementor-widget-icon-list\" data-id=\"e935a00\" data-element_type=\"widget\" data-e-type=\"widget\" data-widget_type=\"icon-list.default\">\n\t\t\t\t<div class=\"elementor-widget-container\">\n\t\t\t\t\t\t\t<ul class=\"elementor-icon-list-items\">\n\t\t\t\t\t\t\t<li class=\"elementor-icon-list-item\">\n\t\t\t\t\t\t\t\t\t\t<span class=\"elementor-icon-list-text\">Inside and out<\/span>\n\t\t\t\t\t\t\t\t\t<\/li>\n\t\t\t\t\t\t\t\t<li class=\"elementor-icon-list-item\">\n\t\t\t\t\t\t\t\t\t\t<span class=\"elementor-icon-list-text\">Kitchen Appliances<\/span>\n\t\t\t\t\t\t\t\t\t<\/li>\n\t\t\t\t\t\t\t\t<li class=\"elementor-icon-list-item\">\n\t\t\t\t\t\t\t\t\t\t<span class=\"elementor-icon-list-text\">Detail Dusting<\/span>\n\t\t\t\t\t\t\t\t\t<\/li>\n\t\t\t\t\t\t<\/ul>\n\t\t\t\t\t\t<\/div>\n\t\t\t\t<\/div>\n\t\t\t\t<\/div>\n\t\t<div class=\"elementor-element elementor-element-bc3e052 e-con-full e-flex e-con e-child\" data-id=\"bc3e052\" data-element_type=\"container\" data-e-type=\"container\">\n\t\t\t\t<div class=\"elementor-element elementor-element-4ceaa03 elementor-tablet-align-start elementor-mobile-align-center elementor-widget-tablet__width-inherit elementor-icon-list--layout-traditional elementor-list-item-link-full_width elementor-widget elementor-widget-icon-list\" data-id=\"4ceaa03\" data-element_type=\"widget\" data-e-type=\"widget\" data-widget_type=\"icon-list.default\">\n\t\t\t\t<div class=\"elementor-widget-container\">\n\t\t\t\t\t\t\t<ul class=\"elementor-icon-list-items\">\n\t\t\t\t\t\t\t<li class=\"elementor-icon-list-item\">\n\t\t\t\t\t\t\t\t\t\t<span class=\"elementor-icon-list-text\">One time cleanings<\/span>\n\t\t\t\t\t\t\t\t\t<\/li>\n\t\t\t\t\t\t\t\t<li class=\"elementor-icon-list-item\">\n\t\t\t\t\t\t\t\t\t\t<span class=\"elementor-icon-list-text\">Recurring cleanings<\/span>\n\t\t\t\t\t\t\t\t\t<\/li>\n\t\t\t\t\t\t\t\t<li class=\"elementor-icon-list-item\">\n\t\t\t\t\t\t\t\t\t\t<span class=\"elementor-icon-list-text\">Common area cleaning<\/span>\n\t\t\t\t\t\t\t\t\t<\/li>\n\t\t\t\t\t\t<\/ul>\n\t\t\t\t\t\t<\/div>\n\t\t\t\t<\/div>\n\t\t\t\t<\/div>\n\t\t<div class=\"elementor-element elementor-element-a53a06a e-con-full e-flex e-con e-child\" data-id=\"a53a06a\" data-element_type=\"container\" data-e-type=\"container\">\n\t\t\t\t<div class=\"elementor-element elementor-element-b06970b elementor-tablet-align-start elementor-mobile-align-center elementor-widget-tablet__width-inherit elementor-icon-list--layout-traditional elementor-list-item-link-full_width elementor-widget elementor-widget-icon-list\" data-id=\"b06970b\" data-element_type=\"widget\" data-e-type=\"widget\" data-widget_type=\"icon-list.default\">\n\t\t\t\t<div class=\"elementor-widget-container\">\n\t\t\t\t\t\t\t<ul class=\"elementor-icon-list-items\">\n\t\t\t\t\t\t\t<li class=\"elementor-icon-list-item\">\n\t\t\t\t\t\t\t\t\t\t<span class=\"elementor-icon-list-text\">Bathroom Floors<\/span>\n\t\t\t\t\t\t\t\t\t<\/li>\n\t\t\t\t\t\t\t\t<li class=\"elementor-icon-list-item\">\n\t\t\t\t\t\t\t\t\t\t<span class=\"elementor-icon-list-text\">Bath Tub Cleaning<\/span>\n\t\t\t\t\t\t\t\t\t<\/li>\n\t\t\t\t\t\t\t\t<li class=\"elementor-icon-list-item\">\n\t\t\t\t\t\t\t\t\t\t<span class=\"elementor-icon-list-text\">Pipeline Cleaning<\/span>\n\t\t\t\t\t\t\t\t\t<\/li>\n\t\t\t\t\t\t<\/ul>\n\t\t\t\t\t\t<\/div>\n\t\t\t\t<\/div>\n\t\t\t\t<\/div>\n\t\t\t\t<\/div>\n\t\t\t\t<\/div>\n\t\t\t\t\t<\/div>\n\t\t\t\t<\/div>\n\t\t<div class=\"elementor-element elementor-element-a149f2d elementor-hidden-desktop elementor-hidden-tablet elementor-hidden-mobile e-flex e-con-boxed e-con e-parent\" data-id=\"a149f2d\" data-element_type=\"container\" data-e-type=\"container\" data-settings=\"{&quot;background_background&quot;:&quot;classic&quot;}\">\n\t\t\t\t\t<div class=\"e-con-inner\">\n\t\t<div class=\"elementor-element elementor-element-53140e8 e-con-full e-flex e-con e-child\" data-id=\"53140e8\" data-element_type=\"container\" data-e-type=\"container\">\n\t\t\t\t<div class=\"elementor-element elementor-element-2046c9a elementor-invisible elementor-widget elementor-widget-heading\" data-id=\"2046c9a\" data-element_type=\"widget\" data-e-type=\"widget\" data-settings=\"{&quot;_animation&quot;:&quot;fadeInLeft&quot;}\" data-widget_type=\"heading.default\">\n\t\t\t\t<div class=\"elementor-widget-container\">\n\t\t\t\t\t<h3 class=\"elementor-heading-title elementor-size-default\">Now Get Up To 15% Off On Recurring Cleanings<\/h3>\t\t\t\t<\/div>\n\t\t\t\t<\/div>\n\t\t\t\t<\/div>\n\t\t<div class=\"elementor-element elementor-element-d436494 e-con-full e-flex e-con e-child\" data-id=\"d436494\" data-element_type=\"container\" data-e-type=\"container\">\n\t\t\t\t<div class=\"elementor-element elementor-element-622d712 elementor-align-center elementor-tablet-align-center elementor-mobile-align-center elementor-widget elementor-widget-button\" data-id=\"622d712\" data-element_type=\"widget\" data-e-type=\"widget\" data-widget_type=\"button.default\">\n\t\t\t\t<div class=\"elementor-widget-container\">\n\t\t\t\t\t\t\t\t\t<div class=\"elementor-button-wrapper\">\n\t\t\t\t\t<a class=\"elementor-button elementor-button-link elementor-size-sm elementor-animation-float\" href=\"#\">\n\t\t\t\t\t\t<span class=\"elementor-button-content-wrapper\">\n\t\t\t\t\t\t\t\t\t<span class=\"elementor-button-text\">Book Now To Avail Offer<\/span>\n\t\t\t\t\t<\/span>\n\t\t\t\t\t<\/a>\n\t\t\t\t<\/div>\n\t\t\t\t\t\t\t\t<\/div>\n\t\t\t\t<\/div>\n\t\t\t\t<\/div>\n\t\t\t\t\t<\/div>\n\t\t\t\t<\/div>\n\t\t<div class=\"elementor-element elementor-element-ec03575 e-flex e-con-boxed e-con e-parent\" data-id=\"ec03575\" data-element_type=\"container\" data-e-type=\"container\">\n\t\t\t\t\t<div class=\"e-con-inner\">\n\t\t<div class=\"elementor-element elementor-element-c20973c e-con-full e-flex e-con e-child\" data-id=\"c20973c\" data-element_type=\"container\" data-e-type=\"container\">\n\t\t\t\t<div class=\"elementor-element elementor-element-8896cf4 gallery-spacing-custom elementor-widget elementor-widget-image-gallery\" data-id=\"8896cf4\" data-element_type=\"widget\" data-e-type=\"widget\" data-widget_type=\"image-gallery.default\">\n\t\t\t\t<div class=\"elementor-widget-container\">\n\t\t\t\t\t\t\t<div class=\"elementor-image-gallery\">\n\t\t\t<div id='gallery-1' class='gallery galleryid-1479 gallery-columns-3 gallery-size-full'><figure class='gallery-item'>\n\t\t\t<div class='gallery-icon portrait'>\n\t\t\t\t<a data-elementor-open-lightbox=\"yes\" data-elementor-lightbox-slideshow=\"8896cf4\" data-elementor-lightbox-title=\"Grieta calle\" data-e-action-hash=\"#elementor-action%3Aaction%3Dlightbox%26settings%3DeyJpZCI6MjAzMiwidXJsIjoiaHR0cHM6XC9cL2ZpeHZpYWwuY2xcL3dwLWNvbnRlbnRcL3VwbG9hZHNcLzIwMjZcLzAxXC9HcmlldGEtY2FsbGUuanBlZyIsInNsaWRlc2hvdyI6Ijg4OTZjZjQifQ%3D%3D\" href='https:\/\/fixvial.cl\/wp-content\/uploads\/2026\/01\/Grieta-calle.jpeg'><img loading=\"lazy\" decoding=\"async\" width=\"960\" height=\"1280\" src=\"https:\/\/fixvial.cl\/wp-content\/uploads\/2026\/01\/Grieta-calle.jpeg\" class=\"attachment-full size-full\" alt=\"\" srcset=\"https:\/\/fixvial.cl\/wp-content\/uploads\/2026\/01\/Grieta-calle.jpeg 960w, https:\/\/fixvial.cl\/wp-content\/uploads\/2026\/01\/Grieta-calle-225x300.jpeg 225w, https:\/\/fixvial.cl\/wp-content\/uploads\/2026\/01\/Grieta-calle-768x1024.jpeg 768w\" sizes=\"(max-width: 960px) 100vw, 960px\" \/><\/a>\n\t\t\t<\/div><\/figure><figure class='gallery-item'>\n\t\t\t<div class='gallery-icon portrait'>\n\t\t\t\t<a data-elementor-open-lightbox=\"yes\" data-elementor-lightbox-slideshow=\"8896cf4\" data-elementor-lightbox-title=\"Reparacion grieta calle\" data-e-action-hash=\"#elementor-action%3Aaction%3Dlightbox%26settings%3DeyJpZCI6MjAzMSwidXJsIjoiaHR0cHM6XC9cL2ZpeHZpYWwuY2xcL3dwLWNvbnRlbnRcL3VwbG9hZHNcLzIwMjZcLzAxXC9SZXBhcmFjaW9uLWdyaWV0YS1jYWxsZS5qcGVnIiwic2xpZGVzaG93IjoiODg5NmNmNCJ9\" href='https:\/\/fixvial.cl\/wp-content\/uploads\/2026\/01\/Reparacion-grieta-calle.jpeg'><img loading=\"lazy\" decoding=\"async\" width=\"960\" height=\"1280\" src=\"https:\/\/fixvial.cl\/wp-content\/uploads\/2026\/01\/Reparacion-grieta-calle.jpeg\" class=\"attachment-full size-full\" alt=\"\" srcset=\"https:\/\/fixvial.cl\/wp-content\/uploads\/2026\/01\/Reparacion-grieta-calle.jpeg 960w, https:\/\/fixvial.cl\/wp-content\/uploads\/2026\/01\/Reparacion-grieta-calle-225x300.jpeg 225w, https:\/\/fixvial.cl\/wp-content\/uploads\/2026\/01\/Reparacion-grieta-calle-768x1024.jpeg 768w\" sizes=\"(max-width: 960px) 100vw, 960px\" \/><\/a>\n\t\t\t<\/div><\/figure><figure class='gallery-item'>\n\t\t\t<div class='gallery-icon portrait'>\n\t\t\t\t<a data-elementor-open-lightbox=\"yes\" data-elementor-lightbox-slideshow=\"8896cf4\" data-elementor-lightbox-title=\"Reparacion asfalmix calle\" data-e-action-hash=\"#elementor-action%3Aaction%3Dlightbox%26settings%3DeyJpZCI6MjAyOSwidXJsIjoiaHR0cHM6XC9cL2ZpeHZpYWwuY2xcL3dwLWNvbnRlbnRcL3VwbG9hZHNcLzIwMjZcLzAxXC9SZXBhcmFjaW9uLWFzZmFsbWl4LWNhbGxlLmpwZWciLCJzbGlkZXNob3ciOiI4ODk2Y2Y0In0%3D\" href='https:\/\/fixvial.cl\/wp-content\/uploads\/2026\/01\/Reparacion-asfalmix-calle.jpeg'><img loading=\"lazy\" decoding=\"async\" width=\"960\" height=\"1280\" src=\"https:\/\/fixvial.cl\/wp-content\/uploads\/2026\/01\/Reparacion-asfalmix-calle.jpeg\" class=\"attachment-full size-full\" alt=\"\" srcset=\"https:\/\/fixvial.cl\/wp-content\/uploads\/2026\/01\/Reparacion-asfalmix-calle.jpeg 960w, https:\/\/fixvial.cl\/wp-content\/uploads\/2026\/01\/Reparacion-asfalmix-calle-225x300.jpeg 225w, https:\/\/fixvial.cl\/wp-content\/uploads\/2026\/01\/Reparacion-asfalmix-calle-768x1024.jpeg 768w\" sizes=\"(max-width: 960px) 100vw, 960px\" \/><\/a>\n\t\t\t<\/div><\/figure><figure class='gallery-item'>\n\t\t\t<div class='gallery-icon landscape'>\n\t\t\t\t<a data-elementor-open-lightbox=\"yes\" data-elementor-lightbox-slideshow=\"8896cf4\" data-elementor-lightbox-title=\"Reparacio\u0301n Calle\" data-e-action-hash=\"#elementor-action%3Aaction%3Dlightbox%26settings%3DeyJpZCI6MjAyNiwidXJsIjoiaHR0cHM6XC9cL2ZpeHZpYWwuY2xcL3dwLWNvbnRlbnRcL3VwbG9hZHNcLzIwMjZcLzAxXC9SZXBhcmFjaW9uLUNhbGxlLmpwZWciLCJzbGlkZXNob3ciOiI4ODk2Y2Y0In0%3D\" href='https:\/\/fixvial.cl\/wp-content\/uploads\/2026\/01\/Reparacion-Calle.jpeg'><img loading=\"lazy\" decoding=\"async\" width=\"1599\" height=\"899\" src=\"https:\/\/fixvial.cl\/wp-content\/uploads\/2026\/01\/Reparacion-Calle.jpeg\" class=\"attachment-full size-full\" alt=\"\" srcset=\"https:\/\/fixvial.cl\/wp-content\/uploads\/2026\/01\/Reparacion-Calle.jpeg 1599w, https:\/\/fixvial.cl\/wp-content\/uploads\/2026\/01\/Reparacion-Calle-300x169.jpeg 300w, https:\/\/fixvial.cl\/wp-content\/uploads\/2026\/01\/Reparacion-Calle-1024x576.jpeg 1024w, https:\/\/fixvial.cl\/wp-content\/uploads\/2026\/01\/Reparacion-Calle-768x432.jpeg 768w, https:\/\/fixvial.cl\/wp-content\/uploads\/2026\/01\/Reparacion-Calle-1536x864.jpeg 1536w\" sizes=\"(max-width: 1599px) 100vw, 1599px\" \/><\/a>\n\t\t\t<\/div><\/figure><figure class='gallery-item'>\n\t\t\t<div class='gallery-icon portrait'>\n\t\t\t\t<a data-elementor-open-lightbox=\"yes\" data-elementor-lightbox-slideshow=\"8896cf4\" data-elementor-lightbox-title=\"Asfalmix calle\" data-e-action-hash=\"#elementor-action%3Aaction%3Dlightbox%26settings%3DeyJpZCI6MjAyOCwidXJsIjoiaHR0cHM6XC9cL2ZpeHZpYWwuY2xcL3dwLWNvbnRlbnRcL3VwbG9hZHNcLzIwMjZcLzAxXC9Bc2ZhbG1peC1jYWxsZS5qcGVnIiwic2xpZGVzaG93IjoiODg5NmNmNCJ9\" href='https:\/\/fixvial.cl\/wp-content\/uploads\/2026\/01\/Asfalmix-calle.jpeg'><img loading=\"lazy\" decoding=\"async\" width=\"899\" height=\"1599\" src=\"https:\/\/fixvial.cl\/wp-content\/uploads\/2026\/01\/Asfalmix-calle.jpeg\" class=\"attachment-full size-full\" alt=\"\" srcset=\"https:\/\/fixvial.cl\/wp-content\/uploads\/2026\/01\/Asfalmix-calle.jpeg 899w, https:\/\/fixvial.cl\/wp-content\/uploads\/2026\/01\/Asfalmix-calle-169x300.jpeg 169w, https:\/\/fixvial.cl\/wp-content\/uploads\/2026\/01\/Asfalmix-calle-576x1024.jpeg 576w, https:\/\/fixvial.cl\/wp-content\/uploads\/2026\/01\/Asfalmix-calle-768x1366.jpeg 768w, https:\/\/fixvial.cl\/wp-content\/uploads\/2026\/01\/Asfalmix-calle-864x1536.jpeg 864w\" sizes=\"(max-width: 899px) 100vw, 899px\" \/><\/a>\n\t\t\t<\/div><\/figure><figure class='gallery-item'>\n\t\t\t<div class='gallery-icon landscape'>\n\t\t\t\t<a data-elementor-open-lightbox=\"yes\" data-elementor-lightbox-slideshow=\"8896cf4\" data-elementor-lightbox-title=\"Relleno asfalmix calle\" data-e-action-hash=\"#elementor-action%3Aaction%3Dlightbox%26settings%3DeyJpZCI6MjAyNywidXJsIjoiaHR0cHM6XC9cL2ZpeHZpYWwuY2xcL3dwLWNvbnRlbnRcL3VwbG9hZHNcLzIwMjZcLzAxXC9SZWxsZW5vLWFzZmFsbWl4LWNhbGxlLmpwZWciLCJzbGlkZXNob3ciOiI4ODk2Y2Y0In0%3D\" href='https:\/\/fixvial.cl\/wp-content\/uploads\/2026\/01\/Relleno-asfalmix-calle.jpeg'><img loading=\"lazy\" decoding=\"async\" width=\"1599\" height=\"899\" src=\"https:\/\/fixvial.cl\/wp-content\/uploads\/2026\/01\/Relleno-asfalmix-calle.jpeg\" class=\"attachment-full size-full\" alt=\"\" srcset=\"https:\/\/fixvial.cl\/wp-content\/uploads\/2026\/01\/Relleno-asfalmix-calle.jpeg 1599w, https:\/\/fixvial.cl\/wp-content\/uploads\/2026\/01\/Relleno-asfalmix-calle-300x169.jpeg 300w, https:\/\/fixvial.cl\/wp-content\/uploads\/2026\/01\/Relleno-asfalmix-calle-1024x576.jpeg 1024w, https:\/\/fixvial.cl\/wp-content\/uploads\/2026\/01\/Relleno-asfalmix-calle-768x432.jpeg 768w, https:\/\/fixvial.cl\/wp-content\/uploads\/2026\/01\/Relleno-asfalmix-calle-1536x864.jpeg 1536w\" sizes=\"(max-width: 1599px) 100vw, 1599px\" \/><\/a>\n\t\t\t<\/div><\/figure>\n\t\t<\/div>\n\t\t<\/div>\n\t\t\t\t\t\t<\/div>\n\t\t\t\t<\/div>\n\t\t\t\t<\/div>\n\t\t\t\t\t<\/div>\n\t\t\t\t<\/div>\n\t\t\t\t<\/div>\n\t\t","protected":false},"excerpt":{"rendered":"<p>Nosotros nos hacemos cargo de tu pavimento Sellado Extiende la vida del asfalto, sell\u00e1ndolo para evitar filtraciones de agua Relleno Cu\u00e1ndo no has realizado la mantenci\u00f3n a tiempo, nosotros rellenamos con rellenos especiales a bajo costo Reparaci\u00f3n Hacemos reparaciones estructurales Mantenci\u00f3n Ofrecemos el servicio de barridos que ayudan a evitar que se tape el alcantarillado [&hellip;]<\/p>\n","protected":false},"author":1,"featured_media":0,"parent":0,"menu_order":0,"comment_status":"closed","ping_status":"closed","template":"","meta":{"pagelayer_contact_templates":[],"_pagelayer_content":"","site-sidebar-layout":"no-sidebar","site-content-layout":"page-builder","ast-site-content-layout":"default","site-content-style":"default","site-sidebar-style":"default","ast-global-header-display":"","ast-banner-title-visibility":"","ast-main-header-display":"","ast-hfb-above-header-display":"","ast-hfb-below-header-display":"","ast-hfb-mobile-header-display":"","site-post-title":"","ast-breadcrumbs-content":"","ast-featured-img":"disabled","footer-sml-layout":"","ast-disable-related-posts":"","theme-transparent-header-meta":"","adv-header-id-meta":"","stick-header-meta":"","header-above-stick-meta":"","header-main-stick-meta":"","header-below-stick-meta":"","astra-migrate-meta-layouts":"default","ast-page-background-enabled":"default","ast-page-background-meta":{"desktop":{"background-color":"","background-image":"","background-repeat":"repeat","background-position":"center center","background-size":"auto","background-attachment":"scroll","background-type":"","background-media":"","overlay-type":"","overlay-color":"","overlay-opacity":"","overlay-gradient":""},"tablet":{"background-color":"","background-image":"","background-repeat":"repeat","background-position":"center center","background-size":"auto","background-attachment":"scroll","background-type":"","background-media":"","overlay-type":"","overlay-color":"","overlay-opacity":"","overlay-gradient":""},"mobile":{"background-color":"","background-image":"","background-repeat":"repeat","background-position":"center center","background-size":"auto","background-attachment":"scroll","background-type":"","background-media":"","overlay-type":"","overlay-color":"","overlay-opacity":"","overlay-gradient":""}},"ast-content-background-meta":{"desktop":{"background-color":"var(--ast-global-color-5)","background-image":"","background-repeat":"repeat","background-position":"center center","background-size":"auto","background-attachment":"scroll","background-type":"","background-media":"","overlay-type":"","overlay-color":"","overlay-opacity":"","overlay-gradient":""},"tablet":{"background-color":"var(--ast-global-color-5)","background-image":"","background-repeat":"repeat","background-position":"center center","background-size":"auto","background-attachment":"scroll","background-type":"","background-media":"","overlay-type":"","overlay-color":"","overlay-opacity":"","overlay-gradient":""},"mobile":{"background-color":"var(--ast-global-color-5)","background-image":"","background-repeat":"repeat","background-position":"center center","background-size":"auto","background-attachment":"scroll","background-type":"","background-media":"","overlay-type":"","overlay-color":"","overlay-opacity":"","overlay-gradient":""}},"footnotes":""},"class_list":["post-1479","page","type-page","status-publish","hentry"],"_links":{"self":[{"href":"https:\/\/fixvial.cl\/home\/wp-json\/wp\/v2\/pages\/1479","targetHints":{"allow":["GET"]}}],"collection":[{"href":"https:\/\/fixvial.cl\/home\/wp-json\/wp\/v2\/pages"}],"about":[{"href":"https:\/\/fixvial.cl\/home\/wp-json\/wp\/v2\/types\/page"}],"author":[{"embeddable":true,"href":"https:\/\/fixvial.cl\/home\/wp-json\/wp\/v2\/users\/1"}],"replies":[{"embeddable":true,"href":"https:\/\/fixvial.cl\/home\/wp-json\/wp\/v2\/comments?post=1479"}],"version-history":[{"count":10,"href":"https:\/\/fixvial.cl\/home\/wp-json\/wp\/v2\/pages\/1479\/revisions"}],"predecessor-version":[{"id":2111,"href":"https:\/\/fixvial.cl\/home\/wp-json\/wp\/v2\/pages\/1479\/revisions\/2111"}],"wp:attachment":[{"href":"https:\/\/fixvial.cl\/home\/wp-json\/wp\/v2\/media?parent=1479"}],"curies":[{"name":"wp","href":"https:\/\/api.w.org\/{rel}","templated":true}]}}